{"id":6,"date":"2023-06-29T20:42:47","date_gmt":"2023-06-29T20:42:47","guid":{"rendered":"https:\/\/coberchoc.com.ec\/master-cake\/?page_id=6"},"modified":"2023-08-08T21:57:20","modified_gmt":"2023-08-08T21:57:20","slug":"registro","status":"publish","type":"page","link":"https:\/\/coberchoc.com.ec\/master-cake\/","title":{"rendered":"Registro"},"content":{"rendered":"\t\t<div data-elementor-type=\"wp-page\" data-elementor-id=\"6\" class=\"elementor elementor-6\">\n\t\t\t\t<div class=\"elementor-element elementor-element-a941359 e-flex e-con-boxed e-con e-parent\" data-id=\"a941359\" data-element_type=\"container\">\n\t\t\t\t\t<div class=\"e-con-inner\">\n\t\t\t\t<div class=\"elementor-element elementor-element-b14b888 elementor-widget elementor-widget-spacer\" data-id=\"b14b888\" data-element_type=\"widget\" data-widget_type=\"spacer.default\">\n\t\t\t\t<div class=\"elementor-widget-container\">\n\t\t\t\t\t\t\t<div class=\"elementor-spacer\">\n\t\t\t<div class=\"elementor-spacer-inner\"><\/div>\n\t\t<\/div>\n\t\t\t\t\t\t<\/div>\n\t\t\t\t<\/div>\n\t\t\t\t\t<\/div>\n\t\t\t\t<\/div>\n\t\t<div class=\"elementor-element elementor-element-dd1a52d e-grid e-con-boxed e-con e-parent\" data-id=\"dd1a52d\" data-element_type=\"container\" data-settings=\"{&quot;background_background&quot;:&quot;classic&quot;}\">\n\t\t\t\t\t<div class=\"e-con-inner\">\n\t\t\t\t<div class=\"elementor-element elementor-element-b1a8369 elementor-widget elementor-widget-image\" data-id=\"b1a8369\" data-element_type=\"widget\" data-widget_type=\"image.default\">\n\t\t\t\t<div class=\"elementor-widget-container\">\n\t\t\t\t\t\t\t\t\t\t\t\t\t\t\t<img fetchpriority=\"high\" decoding=\"async\" width=\"651\" height=\"733\" src=\"https:\/\/coberchoc.com.ec\/master-cake\/wp-content\/uploads\/2023\/06\/coberchoc_web_651x733-1-1.png\" class=\"attachment-large size-large wp-image-24\" alt=\"\" srcset=\"https:\/\/coberchoc.com.ec\/master-cake\/wp-content\/uploads\/2023\/06\/coberchoc_web_651x733-1-1.png 651w, https:\/\/coberchoc.com.ec\/master-cake\/wp-content\/uploads\/2023\/06\/coberchoc_web_651x733-1-1-600x676.png 600w\" sizes=\"(max-width: 651px) 100vw, 651px\" \/>\t\t\t\t\t\t\t\t\t\t\t\t\t\t\t<\/div>\n\t\t\t\t<\/div>\n\t\t\t\t<div class=\"elementor-element elementor-element-ca0bd93 elementor-widget elementor-widget-html\" data-id=\"ca0bd93\" data-element_type=\"widget\" data-widget_type=\"html.default\">\n\t\t\t\t<div class=\"elementor-widget-container\">\n\t\t\t\t\t<img src='https:\/\/coberchoc.com.ec\/master-cake\/wp-content\/uploads\/2023\/08\/COBERCHOC_WEB_ASSET_TEXT.png' style='width:400px; margin-left: 70px;margin-top:130px;'>\n<img src='https:\/\/coberchoc.com.ec\/master-cake\/wp-content\/uploads\/2023\/07\/333Recurso-1.png' style='width:220px; margin-left: 120px;'>\n\n<div id=\"mc_embed_shell\">\n    \n    <link href=\"\/\/cdn-images.mailchimp.com\/embedcode\/classic-061523.css\" rel=\"stylesheet\" type=\"text\/css\">\n<style type=\"text\/css\">\n\n        .my-border{\n            border-radius: 10px 10px 0px 0px !important;\n        }\n\n        .border-bottom{\n            border-radius: 0px 0px 10px 10px !important;\n        }\n      #mc_embed_signup{background: transparent; false;clear:left; font:14px Helvetica,Arial,sans-serif; width: 500px; }\n\n      #mc_embed_signup input, select{\n        border: 1px solid #fff;\n        -webkit-border-radius: 0px;\n\n      }\n      select{\n        width: 96%;\n      }\n      \n      #mc_embed_signup .mc-field-group{\n        padding-bottom: 0%;\n      }\n\n\n      @media only screen and (max-width: 600px) {\n        #mc_embed_signup form {\n            width: 70%;\n  }\n  \n  #mc_embed_signup{\n          width: 450px;\n          \n  }\n  \n  .elementor-6 .elementor-element.elementor-element-ca0bd93 > .elementor-widget-container{\n          margin: 10px 0px 0px 0px;\n  }\nbody > div:nth-child(5) > div.elementor.elementor-6 > div.elementor-element.elementor-element-dd1a52d.e-grid.e-con-boxed.e-con.lazyloaded > div.e-con-inner > div.elementor-element.elementor-element-ca0bd93.elementor-widget.elementor-widget-html > div > img{\n        margin-left: 30px !important ;\n}\n\n#mc_embed_signup .button{\n    font-size: 20px;\n    font-weight: normal;\n    height: 32px;\n}\n\n  \n}\n\n#mc_embed_signup #mce-success-response{\n    color: #fff;\n    font-size: 33px;\n}\n\n      \/* Add your own Mailchimp form style overrides in your site stylesheet or in this style block.\n         We recommend moving this block and the preceding CSS link to the HEAD of your HTML file. *\/\n<\/style>\n\n<div id=\"mc_embed_signup\">\n  <form action=\"https:\/\/coberchoc.us14.list-manage.com\/subscribe\/post?u=7b18bbcc8050b51e789365dd4&amp;id=65d6c56abc&amp;f_id=0042e3e0f0\" method=\"post\" id=\"mc-embedded-subscribe-form\" name=\"mc-embedded-subscribe-form\" class=\"validate\" target=\"_blank\">\n      <div id=\"mc_embed_signup_scroll\">\n          <div class=\"mc-field-group\">\n            <input class=\"my-border\"  type=\"text\" name=\"FNAME\"  id=\"mce-FNAME\" placeholder=\"Nombre\" value=\"\">\n        <\/div>\n        <div class=\"mc-field-group\">\n            <input type=\"text\" name=\"LNAME\" class=\" text\" placeholder=\"Apellido\" required=\"\" id=\"mce-LNAME\" value=\"\" style=\"background-color: #e6e7e9;\">\n        <\/div>\n        <div class=\"mc-field-group\">\n            <input type=\"email\" name=\"EMAIL\" class=\"required email\" id=\"mce-EMAIL\" required=\"\" placeholder=\"Correo electr\u00f3nico\" value=\"\">\n        <\/div>\n       \n        <div class=\"mc-field-group\">\n            <input type=\"text\" name=\"PHONE\" class=\"REQ_CSS\" id=\"mce-PHONE\" placeholder=\"Celular\" required=\"\" value=\"\" style=\"background-color: #e6e7e9;\">\n        <\/div>\n        <div class=\"mc-field-group\">\n            <input  type=\"text\" name=\"MMERGE7\" class=\" text\" id=\"mce-MMERGE7\" required=\"\" placeholder=\"Usuario de perfil emprendimiento\" value=\"\"><\/div>\n                <select class=\"border-bottom\" id=\"mce-undefined\"  style=\"background-color: #e6e7e9;\">\n\t\t\t\t\t<option value=\"\">Tipo de Negocio <\/option>\n                    <option value=\"Tengo un negocio\">Tengo un negocio de pasteler\u00eda<\/option>\n                    <option value=\"Quiero comenzar\">Quiero comenzar un negocio de pasteler\u00eda<\/option>\n                    <option value=\"Soy pasteler@ por hobby\">Soy pasteler@ por hobby<\/option>\n                <\/select><\/div>\n                <div class=\"mc-field-group input-group\" style=\"text-align: center;\" ><ul><li>\n                    <input type=\"radio\" name=\"MMERGE9\" id=\"mce-MMERGE90\" required=\"\" value=\"Acepto terminos y condiciones\">\n                    <label for=\"mce-MMERGE90\" style=\"color:#fff\">Acepto <a href=\"https:\/\/coberchoc.com.ec\/master-cake\/wp-content\/uploads\/2023\/07\/07.07.23-Te\u0301rminos-y-Condiciones-Master-Cake-by-Coberchoc.pdf\">T\u00e9rminos y Condiciones<\/a> & <a href=\"https:\/\/www.lafabril.com.ec\/politica-de-privacidad\/\"> Pol\u00edticas de Privacidad<\/a><\/label><\/li><\/ul><\/div>\n\n\n                    <div class=\"mc-field-group input-group \" id=\"my-pl\" style=\"text-align: center;\" ><ul><li>\n                        <input type=\"radio\" name=\"MMERGE95\" id=\"mce-MMERGE905\" value=\"Acepto recibir publicidad sobre productos\">\n                        <label for=\"mce-MMERGE950\" style=\"color:#fff\">Acepto recibir publicidad sobre productos, servicios y promociones de La Fabril S.A que pueden ser de mi inter\u00e9s<\/label><\/li><\/ul><\/div>\n                    \n<div hidden=\"\"><input type=\"hidden\" name=\"tags\" value=\"7374594\"><\/div>\n      <div id=\"mce-responses\" class=\"clearfalse\">\n          <div class=\"response\" id=\"mce-error-response\" style=\"display: none;\"><\/div>\n          <div class=\"response\" id=\"mce-success-response\" style=\"display: none;\"><\/div>\n      <\/div><div aria-hidden=\"true\" style=\"position: absolute; left: -5000px;\"><input type=\"text\" name=\"b_7b18bbcc8050b51e789365dd4_65d6c56abc\" tabindex=\"-1\" value=\"\"><\/div>\n      <div class=\"clear\">\n          <input \n          type=\"submit\"\n          name=\"subscribe\"\n          id=\"mc-embedded-subscribe\"\n          class=\"button\"\n          value=\"Inscribete\" style=\"background-color:#882E0D;\">\n          <\/div>\n  \n\n<\/div>\n<script type=\"text\/javascript\" src=\"\/\/s3.amazonaws.com\/downloads.mailchimp.com\/js\/mc-validate.js\"><\/script><script type=\"text\/javascript\">(function($) {window.fnames = new Array(); window.ftypes = new Array();fnames[0]=EMAIL;ftypes[0]=merge;,fnames[1]=FNAME;ftypes[1]=merge;,fnames[2]=LNAME;ftypes[2]=merge;,fnames[4]=PHONE;ftypes[4]=merge;,fnames[7]=MMERGE7;ftypes[7]=merge;,fnames[8]=MMERGE8;ftypes[8]=merge;,fnames[9]=MMERGE9;ftypes[9]=merge;,fnames[3]=ADDRESS;ftypes[3]=merge;,fnames[5]=BIRTHDAY;ftypes[5]=merge;,fnames[6]=MMERGE6;ftypes[6]=merge;\/*\n* Translated default messages for the $ validation plugin.\n* Locale: ES\n*\/\n$.extend($.validator.messages, {\nrequired: \"Este campo es obligatorio.\",\nremote: \"Por favor, rellena este campo.\",\nemail: \"Por favor, escribe una direcci\u00f3n de correo v\u00e1lida\",\nurl: \"Por favor, escribe una URL v\u00e1lida.\",\ndate: \"Por favor, escribe una fecha v\u00e1lida.\",\ndateISO: \"Por favor, escribe una fecha (ISO) v\u00e1lida.\",\nnumber: \"Por favor, escribe un n\u00famero entero v\u00e1lido.\",\ndigits: \"Por favor, escribe s\u00f3lo d\u00edgitos.\",\ncreditcard: \"Por favor, escribe un n\u00famero de tarjeta v\u00e1lido.\",\nequalTo: \"Por favor, escribe el mismo valor de nuevo.\",\naccept: \"Por favor, escribe un valor con una extensi\u00f3n aceptada.\",\nmaxlength: $.validator.format(\"Por favor, no escribas m\u00e1s de {0} caracteres.\"),\nminlength: $.validator.format(\"Por favor, no escribas menos de {0} caracteres.\"),\nrangelength: $.validator.format(\"Por favor, escribe un valor entre {0} y {1} caracteres.\"),\nrange: $.validator.format(\"Por favor, escribe un valor entre {0} y {1}.\"),\nmax: $.validator.format(\"Por favor, escribe un valor menor o igual a {0}.\"),\nmin: $.validator.format(\"Por favor, escribe un valor mayor o igual a {0}.\")\n});}(jQuery));var $mcj = jQuery.noConflict(true);<\/script>\n\t\t\t\t<\/div>\n\t\t\t\t<\/div>\n\t\t\t\t\t<\/div>\n\t\t\t\t<\/div>\n\t\t<div class=\"elementor-element elementor-element-5e73769 e-con-full e-flex e-con e-parent\" data-id=\"5e73769\" data-element_type=\"container\" data-settings=\"{&quot;background_background&quot;:&quot;classic&quot;}\">\n\t\t<div class=\"elementor-element elementor-element-f4612c8 e-con-full e-flex e-con e-child\" data-id=\"f4612c8\" data-element_type=\"container\">\n\t\t\t\t<\/div>\n\t\t<div class=\"elementor-element elementor-element-997d166 e-con-full e-flex e-con e-child\" data-id=\"997d166\" data-element_type=\"container\">\n\t\t\t\t<div class=\"elementor-element elementor-element-1573ba1 elementor-widget elementor-widget-image\" data-id=\"1573ba1\" data-element_type=\"widget\" data-widget_type=\"image.default\">\n\t\t\t\t<div class=\"elementor-widget-container\">\n\t\t\t\t\t\t\t\t\t\t\t\t\t\t\t<img decoding=\"async\" width=\"157\" height=\"72\" src=\"https:\/\/coberchoc.com.ec\/master-cake\/wp-content\/uploads\/2023\/07\/333Recurso-2.png\" class=\"attachment-large size-large wp-image-355\" alt=\"\" \/>\t\t\t\t\t\t\t\t\t\t\t\t\t\t\t<\/div>\n\t\t\t\t<\/div>\n\t\t\t\t<div class=\"elementor-element elementor-element-8f79f96 elementor-widget elementor-widget-html\" data-id=\"8f79f96\" data-element_type=\"widget\" data-widget_type=\"html.default\">\n\t\t\t\t<div class=\"elementor-widget-container\">\n\t\t\t\t\t\n<style>\n    \/* Estilos del acorde\u00f3n *\/\n    .accordion {\n        border: 1px solid #ddd;\n        border-radius: 4px;\n        overflow: hidden;\n        background: white;\nopacity: 90%;\n    }\n\n    .accordion-item {\n      background-color: transparent;\npadding: 10px;\ncursor: pointer;\nborder-bottom: 1px solid #ddd;\ncolor: #882E0D;\nfont-weight: bold;\nfont-family: 'Kumbh Sans';\n    }\n\n    .accordion-item:last-child {\n        border-bottom: none;\n    }\n\n    .accordion-content {\n        background-color: white;\ncolor: #882e0d;\nborder-top: 2px solid #882e0d;\n        padding: 10px;\n        display: none;\n    }\n\n    \/* Estilos para el \u00edcono del acorde\u00f3n *\/\n    .accordion-icon {\n        float: right;\n        transition: transform 0.3s ease;\n    }\n\n    .accordion-item.active .accordion-icon {\n        transform: rotate(180deg);\n    }\n<\/style>\n<script>\n    \/\/ Funci\u00f3n para alternar la visibilidad del contenido del acorde\u00f3n\n    function toggleAccordion(index) {\n        const accordionContent = document.getElementsByClassName('accordion-content');\n        const accordionIcon = document.getElementsByClassName('accordion-icon');\n        \n        \/\/ Si la secci\u00f3n est\u00e1 cerrada, abrirla\n        if (accordionContent[index].style.display === 'none') {\n            \/\/ Ocultar todos los contenidos del acorde\u00f3n\n            for (let i = 0; i < accordionContent.length; i++) {\n                accordionContent[i].style.display = 'none';\n                accordionIcon[i].classList.remove('active');\n            }\n            \n            \/\/ Mostrar el contenido del acorde\u00f3n seleccionado\n            accordionContent[index].style.display = 'block';\n            accordionIcon[index].classList.add('active');\n        } else { \/\/ Si la secci\u00f3n est\u00e1 abierta, cerrarla\n            accordionContent[index].style.display = 'none';\n            accordionIcon[index].classList.remove('active');\n        }\n    }\n<\/script>\n\n<div class=\"accordion\">\n    <div class=\"accordion-item\" onclick=\"toggleAccordion(0)\">\n        \u00bfQU\u00c9 ES UN COBERCHOC MASTER CAKE?\n        <span class=\"accordion-icon\">&#9660;<\/span>\n    <\/div>\n    <div class=\"accordion-content\">\n        <p>Un Coberchoc Master Cake es un ALIADO de Coberchoc.\n            Coberchoc quiere ayudarte a potenciar tu negocio y tus habilidades.\n            S\u00f3lo con registrarte recibir\u00e1s las herramientas tpara convertirte en un experto en la pasteler\u00eda y adem\u00e1s participar\u00e1s para ganar el t\u00edtulo de \u201cCOBERCHOC MASTER CAKE\u201d<\/p>\n    <\/div>\n    \n    <div class=\"accordion-item\" onclick=\"toggleAccordion(1)\">\n        CON EL T\u00cdTULO DE COBERCHOC MASTER CAKE RECIBIR\u00c1S:\n        <span class=\"accordion-icon\">&#9660;<\/span>\n    <\/div>\n    <div class=\"accordion-content\">\n        <p>EXHIBICI\u00d3N de tu emprendimiento en medios seleccionados.<br>\n\u2022 Posteos colaborativos en las redes COBERCHOC.<br>\n\u2022 Producto COBERCHOC para tus creaciones.<\/p>\n    <\/div>\n    \n    <div class=\"accordion-item\" onclick=\"toggleAccordion(2)\">\n        \u00bfC\u00d3MO PUEDES CONVERTIRTE EN UN COBERCHOC MASTER CAKE?\n                    <span class=\"accordion-icon\">&#9660;<\/span>\n    <\/div>\n    <div class=\"accordion-content\">\n        <p> \u2022 REG\u00cdSTRATE<br>\n            \u2022 Cumple con los desaf\u00edos planteados en cada capacitaci\u00f3n\n               y con las habilidades de un \u201cCOBERCHOC MASTER CAKE\u201d<\/p>\n    <\/div>\n    \n    <div class=\"accordion-item\" onclick=\"toggleAccordion(3)\">\n        \u00bfQUI\u00c9NES PUEDEN PARTICIPAR?\n        <span class=\"accordion-icon\">&#9660;<\/span>\n    <\/div>\n    <div class=\"accordion-content\">\n        <p>Todos los amantes de la reposter\u00eda. No tienes que ser un experto\n            Solamente se requieren las \u00a1GANAS DE APRENDER!<\/p>\n    <\/div>\n    \n    <div class=\"accordion-item\" onclick=\"toggleAccordion(4)\">\n        \u00bfQU\u00c9 VAS A APRENDER?\n        <span class=\"accordion-icon\">&#9660;<\/span>\n    <\/div>\n    <div class=\"accordion-content\">\n        <p>Fotograf\u00eda de producto\n            Manejo de redes socialesCake\n            Design Reposter\u00eda B\u00e1sica<\/p>\n            <p>Todos los participantes tendr\u00e1n acceso a: <ul>\n                <ol> \u2022Gu\u00edas<\/ol>\n                <li> \u2022plantillas<\/li>\n                <li> \u2022Recetas<\/li>\n                <li> \u2022Hacks y m\u00e1s.<\/li>\n            <\/ul>\n                \u00a1Qu\u00e9date atento a tu correo!<\/p>\n    <\/div>\n<\/div>\t\t\t\t<\/div>\n\t\t\t\t<\/div>\n\t\t\t\t<\/div>\n\t\t<div class=\"elementor-element elementor-element-c1bb7d5 e-con-full e-flex e-con e-child\" data-id=\"c1bb7d5\" data-element_type=\"container\">\n\t\t\t\t<\/div>\n\t\t\t\t<\/div>\n\t\t<div class=\"elementor-element elementor-element-4eabbe0 e-flex e-con-boxed e-con e-parent\" data-id=\"4eabbe0\" data-element_type=\"container\" id=\"my-footer\" data-settings=\"{&quot;background_background&quot;:&quot;classic&quot;}\">\n\t\t\t\t\t<div class=\"e-con-inner\">\n\t\t<div class=\"elementor-element elementor-element-12bafdb e-con-full e-flex e-con e-child\" data-id=\"12bafdb\" data-element_type=\"container\">\n\t\t\t\t<\/div>\n\t\t<div class=\"elementor-element elementor-element-cea8ef2 e-con-full e-flex e-con e-child\" data-id=\"cea8ef2\" data-element_type=\"container\">\n\t\t\t\t<div class=\"elementor-element elementor-element-9f476bd elementor-widget elementor-widget-image\" data-id=\"9f476bd\" data-element_type=\"widget\" id=\"logo-footer\" data-widget_type=\"image.default\">\n\t\t\t\t<div class=\"elementor-widget-container\">\n\t\t\t\t\t\t\t\t\t\t\t\t\t\t\t<img decoding=\"async\" width=\"106\" height=\"93\" src=\"https:\/\/coberchoc.com.ec\/master-cake\/wp-content\/uploads\/2023\/06\/logo_CC.png\" class=\"attachment-thumbnail size-thumbnail wp-image-265\" alt=\"\" \/>\t\t\t\t\t\t\t\t\t\t\t\t\t\t\t<\/div>\n\t\t\t\t<\/div>\n\t\t\t\t<\/div>\n\t\t<div class=\"elementor-element elementor-element-265983f e-con-full e-grid e-con e-child\" data-id=\"265983f\" data-element_type=\"container\" id=\"my-soscial-icon\">\n\t\t\t\t<div class=\"elementor-element elementor-element-bef7a14 elementor-widget elementor-widget-image\" data-id=\"bef7a14\" data-element_type=\"widget\" id=\"footer-siguenos\" data-widget_type=\"image.default\">\n\t\t\t\t<div class=\"elementor-widget-container\">\n\t\t\t\t\t\t\t\t\t\t\t\t\t\t\t<img loading=\"lazy\" decoding=\"async\" width=\"151\" height=\"42\" src=\"https:\/\/coberchoc.com.ec\/master-cake\/wp-content\/uploads\/2023\/07\/333Recurso-4.png\" class=\"attachment-large size-large wp-image-495\" alt=\"\" \/>\t\t\t\t\t\t\t\t\t\t\t\t\t\t\t<\/div>\n\t\t\t\t<\/div>\n\t\t\t\t<div class=\"elementor-element elementor-element-cfef19f elementor-widget elementor-widget-image\" data-id=\"cfef19f\" data-element_type=\"widget\" data-widget_type=\"image.default\">\n\t\t\t\t<div class=\"elementor-widget-container\">\n\t\t\t\t\t\t\t\t\t\t\t\t\t\t\t\t<a href=\"https:\/\/www.facebook.com\/coberchoc\/?locale=es_LA\">\n\t\t\t\t\t\t\t<img loading=\"lazy\" decoding=\"async\" width=\"23\" height=\"23\" src=\"https:\/\/coberchoc.com.ec\/master-cake\/wp-content\/uploads\/2023\/06\/facebook.png\" class=\"attachment-thumbnail size-thumbnail wp-image-263\" alt=\"\" \/>\t\t\t\t\t\t\t\t<\/a>\n\t\t\t\t\t\t\t\t\t\t\t\t\t\t\t<\/div>\n\t\t\t\t<\/div>\n\t\t\t\t<div class=\"elementor-element elementor-element-2e3623a elementor-widget elementor-widget-image\" data-id=\"2e3623a\" data-element_type=\"widget\" data-widget_type=\"image.default\">\n\t\t\t\t<div class=\"elementor-widget-container\">\n\t\t\t\t\t\t\t\t\t\t\t\t\t\t\t\t<a href=\"https:\/\/www.youtube.com\/c\/coberchoc\">\n\t\t\t\t\t\t\t<img loading=\"lazy\" decoding=\"async\" width=\"25\" height=\"18\" src=\"https:\/\/coberchoc.com.ec\/master-cake\/wp-content\/uploads\/2023\/06\/ytb.png\" class=\"attachment-large size-large wp-image-267\" alt=\"\" \/>\t\t\t\t\t\t\t\t<\/a>\n\t\t\t\t\t\t\t\t\t\t\t\t\t\t\t<\/div>\n\t\t\t\t<\/div>\n\t\t\t\t<div class=\"elementor-element elementor-element-52f60f5 elementor-widget elementor-widget-image\" data-id=\"52f60f5\" data-element_type=\"widget\" data-widget_type=\"image.default\">\n\t\t\t\t<div class=\"elementor-widget-container\">\n\t\t\t\t\t\t\t\t\t\t\t\t\t\t\t\t<a href=\"https:\/\/www.instagram.com\/coberchoc\/?hl=es\">\n\t\t\t\t\t\t\t<img loading=\"lazy\" decoding=\"async\" width=\"20\" height=\"20\" src=\"https:\/\/coberchoc.com.ec\/master-cake\/wp-content\/uploads\/2023\/06\/instagram.png\" class=\"attachment-large size-large wp-image-264\" alt=\"\" \/>\t\t\t\t\t\t\t\t<\/a>\n\t\t\t\t\t\t\t\t\t\t\t\t\t\t\t<\/div>\n\t\t\t\t<\/div>\n\t\t\t\t<div class=\"elementor-element elementor-element-878f729 elementor-widget elementor-widget-image\" data-id=\"878f729\" data-element_type=\"widget\" data-widget_type=\"image.default\">\n\t\t\t\t<div class=\"elementor-widget-container\">\n\t\t\t\t\t\t\t\t\t\t\t\t\t\t\t\t<a href=\"https:\/\/www.tiktok.com\/tag\/coberchoc\">\n\t\t\t\t\t\t\t<img loading=\"lazy\" decoding=\"async\" width=\"20\" height=\"23\" src=\"https:\/\/coberchoc.com.ec\/master-cake\/wp-content\/uploads\/2023\/06\/tiktok.png\" class=\"attachment-large size-large wp-image-266\" alt=\"\" \/>\t\t\t\t\t\t\t\t<\/a>\n\t\t\t\t\t\t\t\t\t\t\t\t\t\t\t<\/div>\n\t\t\t\t<\/div>\n\t\t\t\t<\/div>\n\t\t<div class=\"elementor-element elementor-element-7d23fd2 e-con-full e-flex e-con e-child\" data-id=\"7d23fd2\" data-element_type=\"container\">\n\t\t\t\t<\/div>\n\t\t\t\t\t<\/div>\n\t\t\t\t<\/div>\n\t\t\t\t<\/div>\n\t\t","protected":false},"excerpt":{"rendered":"<p>Tipo de Negocio Tengo un negocio de pasteler\u00edaQuiero comenzar un negocio de pasteler\u00edaSoy pasteler@ por hobby Acepto T\u00e9rminos y Condiciones &#038; Pol\u00edticas de Privacidad Acepto recibir publicidad sobre productos, servicios [&hellip;]<\/p>\n","protected":false},"author":1,"featured_media":0,"parent":0,"menu_order":0,"comment_status":"closed","ping_status":"closed","template":"..\/public\/views\/revslider-page-template.php","meta":{"footnotes":""},"class_list":["post-6","page","type-page","status-publish","hentry"],"_links":{"self":[{"href":"https:\/\/coberchoc.com.ec\/master-cake\/index.php\/wp-json\/wp\/v2\/pages\/6","targetHints":{"allow":["GET"]}}],"collection":[{"href":"https:\/\/coberchoc.com.ec\/master-cake\/index.php\/wp-json\/wp\/v2\/pages"}],"about":[{"href":"https:\/\/coberchoc.com.ec\/master-cake\/index.php\/wp-json\/wp\/v2\/types\/page"}],"author":[{"embeddable":true,"href":"https:\/\/coberchoc.com.ec\/master-cake\/index.php\/wp-json\/wp\/v2\/users\/1"}],"replies":[{"embeddable":true,"href":"https:\/\/coberchoc.com.ec\/master-cake\/index.php\/wp-json\/wp\/v2\/comments?post=6"}],"version-history":[{"count":530,"href":"https:\/\/coberchoc.com.ec\/master-cake\/index.php\/wp-json\/wp\/v2\/pages\/6\/revisions"}],"predecessor-version":[{"id":651,"href":"https:\/\/coberchoc.com.ec\/master-cake\/index.php\/wp-json\/wp\/v2\/pages\/6\/revisions\/651"}],"wp:attachment":[{"href":"https:\/\/coberchoc.com.ec\/master-cake\/index.php\/wp-json\/wp\/v2\/media?parent=6"}],"curies":[{"name":"wp","href":"https:\/\/api.w.org\/{rel}","templated":true}]}}